{"id":1013,"date":"2025-01-17T11:58:41","date_gmt":"2025-01-17T14:58:41","guid":{"rendered":"https:\/\/m91comunicacao.com.br\/mwsoftware\/?page_id=1013"},"modified":"2025-04-01T17:25:27","modified_gmt":"2025-04-01T20:25:27","slug":"saude","status":"publish","type":"page","link":"https:\/\/mwsoftware.com.br\/index.php\/saude\/","title":{"rendered":"Sa\u00fade"},"content":{"rendered":"\t\t<div data-elementor-type=\"wp-page\" data-elementor-id=\"1013\" class=\"elementor elementor-1013\">\n\t\t\t\t<div class=\"elementor-element elementor-element-1db069c e-flex e-con-boxed wpr-particle-no wpr-jarallax-no wpr-parallax-no wpr-sticky-section-no e-con e-parent\" data-id=\"1db069c\" data-element_type=\"container\" data-settings=\"{&quot;background_background&quot;:&quot;classic&quot;}\">\n\t\t\t\t\t<div class=\"e-con-inner\">\n\t\t\t\t<div class=\"elementor-element elementor-element-fd1429e elementor-widget elementor-widget-heading\" data-id=\"fd1429e\" data-element_type=\"widget\" data-widget_type=\"heading.default\">\n\t\t\t\t<div class=\"elementor-widget-container\">\n\t\t\t\t\t<h2 class=\"elementor-heading-title elementor-size-default\">Sa\u00fade<\/h2>\t\t\t\t<\/div>\n\t\t\t\t<\/div>\n\t\t\t\t\t<\/div>\n\t\t\t\t<\/div>\n\t\t<div class=\"elementor-element elementor-element-64b703f e-flex e-con-boxed wpr-particle-no wpr-jarallax-no wpr-parallax-no wpr-sticky-section-no elementor-invisible e-con e-parent\" data-id=\"64b703f\" data-element_type=\"container\" data-settings=\"{&quot;animation&quot;:&quot;fadeInUp&quot;}\">\n\t\t\t\t\t<div class=\"e-con-inner\">\n\t\t<div class=\"elementor-element elementor-element-3b3e9d4 e-con-full e-flex wpr-particle-no wpr-jarallax-no wpr-parallax-no wpr-sticky-section-no e-con e-child\" data-id=\"3b3e9d4\" data-element_type=\"container\">\n\t\t\t\t<div class=\"elementor-element elementor-element-d0720a3 elementor-widget elementor-widget-icon-box\" data-id=\"d0720a3\" data-element_type=\"widget\" data-widget_type=\"icon-box.default\">\n\t\t\t\t<div class=\"elementor-widget-container\">\n\t\t\t\t\t\t\t<div class=\"elementor-icon-box-wrapper\">\n\n\t\t\t\n\t\t\t\t\t\t<div class=\"elementor-icon-box-content\">\n\n\t\t\t\t\t\t\t\t\t<h3 class=\"elementor-icon-box-title\">\n\t\t\t\t\t\t<span  >\n\t\t\t\t\t\t\tO que j\u00e1 entregamos aos nossos clientes:\t\t\t\t\t\t<\/span>\n\t\t\t\t\t<\/h3>\n\t\t\t\t\n\t\t\t\t\t\t\t\t\t<p class=\"elementor-icon-box-description\">\n\t\t\t\t\t\tA MW Software em sua expertise na \u00e1rea da sa\u00fade j\u00e1 entregou a hospitais e cooperativas m\u00e9dicas solu\u00e7\u00f5es que proporcionou uma grande virada tecnol\u00f3gica. <br>\n<br> \nNesta jornada disponibilizamos solu\u00e7\u00f5es como:<br>\n\n\t\t\t\t\t<\/p>\n\t\t\t\t\n\t\t\t<\/div>\n\t\t\t\n\t\t<\/div>\n\t\t\t\t\t\t<\/div>\n\t\t\t\t<\/div>\n\t\t\t\t<div class=\"elementor-element elementor-element-a7cf257 elementor-icon-list--layout-traditional elementor-list-item-link-full_width elementor-widget elementor-widget-icon-list\" data-id=\"a7cf257\" data-element_type=\"widget\" data-widget_type=\"icon-list.default\">\n\t\t\t\t<div class=\"elementor-widget-container\">\n\t\t\t\t\t\t\t<ul class=\"elementor-icon-list-items\">\n\t\t\t\t\t\t\t<li class=\"elementor-icon-list-item\">\n\t\t\t\t\t\t\t\t\t\t\t<span class=\"elementor-icon-list-icon\">\n\t\t\t\t\t\t\t<svg aria-hidden=\"true\" class=\"e-font-icon-svg e-fas-check\" viewBox=\"0 0 512 512\" xmlns=\"http:\/\/www.w3.org\/2000\/svg\"><path d=\"M173.898 439.404l-166.4-166.4c-9.997-9.997-9.997-26.206 0-36.204l36.203-36.204c9.997-9.998 26.207-9.998 36.204 0L192 312.69 432.095 72.596c9.997-9.997 26.207-9.997 36.204 0l36.203 36.204c9.997 9.997 9.997 26.206 0 36.204l-294.4 294.401c-9.998 9.997-26.207 9.997-36.204-.001z\"><\/path><\/svg>\t\t\t\t\t\t<\/span>\n\t\t\t\t\t\t\t\t\t\t<span class=\"elementor-icon-list-text\">Gest\u00e3o eletr\u00f4nica de cobran\u00e7a de Honor\u00e1rios M\u00e9dicos<\/span>\n\t\t\t\t\t\t\t\t\t<\/li>\n\t\t\t\t\t\t\t\t<li class=\"elementor-icon-list-item\">\n\t\t\t\t\t\t\t\t\t\t\t<span class=\"elementor-icon-list-icon\">\n\t\t\t\t\t\t\t<svg aria-hidden=\"true\" class=\"e-font-icon-svg e-fas-check\" viewBox=\"0 0 512 512\" xmlns=\"http:\/\/www.w3.org\/2000\/svg\"><path d=\"M173.898 439.404l-166.4-166.4c-9.997-9.997-9.997-26.206 0-36.204l36.203-36.204c9.997-9.998 26.207-9.998 36.204 0L192 312.69 432.095 72.596c9.997-9.997 26.207-9.997 36.204 0l36.203 36.204c9.997 9.997 9.997 26.206 0 36.204l-294.4 294.401c-9.998 9.997-26.207 9.997-36.204-.001z\"><\/path><\/svg>\t\t\t\t\t\t<\/span>\n\t\t\t\t\t\t\t\t\t\t<span class=\"elementor-icon-list-text\">Auditoria Eletr\u00f4nica de Contas<\/span>\n\t\t\t\t\t\t\t\t\t<\/li>\n\t\t\t\t\t\t\t\t<li class=\"elementor-icon-list-item\">\n\t\t\t\t\t\t\t\t\t\t\t<span class=\"elementor-icon-list-icon\">\n\t\t\t\t\t\t\t<i aria-hidden=\"true\" class=\"icon icon-check\"><\/i>\t\t\t\t\t\t<\/span>\n\t\t\t\t\t\t\t\t\t\t<span class=\"elementor-icon-list-text\">Gest\u00e3o eletr\u00f4nica de agenda, elegibilidade e gera\u00e7\u00e3o de guias TISS para consult\u00f3rios<\/span>\n\t\t\t\t\t\t\t\t\t<\/li>\n\t\t\t\t\t\t\t\t<li class=\"elementor-icon-list-item\">\n\t\t\t\t\t\t\t\t\t\t\t<span class=\"elementor-icon-list-icon\">\n\t\t\t\t\t\t\t<svg aria-hidden=\"true\" class=\"e-font-icon-svg e-fas-check\" viewBox=\"0 0 512 512\" xmlns=\"http:\/\/www.w3.org\/2000\/svg\"><path d=\"M173.898 439.404l-166.4-166.4c-9.997-9.997-9.997-26.206 0-36.204l36.203-36.204c9.997-9.998 26.207-9.998 36.204 0L192 312.69 432.095 72.596c9.997-9.997 26.207-9.997 36.204 0l36.203 36.204c9.997 9.997 9.997 26.206 0 36.204l-294.4 294.401c-9.998 9.997-26.207 9.997-36.204-.001z\"><\/path><\/svg>\t\t\t\t\t\t<\/span>\n\t\t\t\t\t\t\t\t\t\t<span class=\"elementor-icon-list-text\">Valoriza\u00e7\u00e3o e Faturamento de Guias via XML<\/span>\n\t\t\t\t\t\t\t\t\t<\/li>\n\t\t\t\t\t\t\t\t<li class=\"elementor-icon-list-item\">\n\t\t\t\t\t\t\t\t\t\t\t<span class=\"elementor-icon-list-icon\">\n\t\t\t\t\t\t\t<svg aria-hidden=\"true\" class=\"e-font-icon-svg e-fas-check\" viewBox=\"0 0 512 512\" xmlns=\"http:\/\/www.w3.org\/2000\/svg\"><path d=\"M173.898 439.404l-166.4-166.4c-9.997-9.997-9.997-26.206 0-36.204l36.203-36.204c9.997-9.998 26.207-9.998 36.204 0L192 312.69 432.095 72.596c9.997-9.997 26.207-9.997 36.204 0l36.203 36.204c9.997 9.997 9.997 26.206 0 36.204l-294.4 294.401c-9.998 9.997-26.207 9.997-36.204-.001z\"><\/path><\/svg>\t\t\t\t\t\t<\/span>\n\t\t\t\t\t\t\t\t\t\t<span class=\"elementor-icon-list-text\">Repasse e Controle de Glosas<\/span>\n\t\t\t\t\t\t\t\t\t<\/li>\n\t\t\t\t\t\t\t\t<li class=\"elementor-icon-list-item\">\n\t\t\t\t\t\t\t\t\t\t\t<span class=\"elementor-icon-list-icon\">\n\t\t\t\t\t\t\t<svg aria-hidden=\"true\" class=\"e-font-icon-svg e-fas-check\" viewBox=\"0 0 512 512\" xmlns=\"http:\/\/www.w3.org\/2000\/svg\"><path d=\"M173.898 439.404l-166.4-166.4c-9.997-9.997-9.997-26.206 0-36.204l36.203-36.204c9.997-9.998 26.207-9.998 36.204 0L192 312.69 432.095 72.596c9.997-9.997 26.207-9.997 36.204 0l36.203 36.204c9.997 9.997 9.997 26.206 0 36.204l-294.4 294.401c-9.998 9.997-26.207 9.997-36.204-.001z\"><\/path><\/svg>\t\t\t\t\t\t<\/span>\n\t\t\t\t\t\t\t\t\t\t<span class=\"elementor-icon-list-text\">Faturamento integrado de contas hospitalares<\/span>\n\t\t\t\t\t\t\t\t\t<\/li>\n\t\t\t\t\t\t\t\t<li class=\"elementor-icon-list-item\">\n\t\t\t\t\t\t\t\t\t\t\t<span class=\"elementor-icon-list-icon\">\n\t\t\t\t\t\t\t<svg aria-hidden=\"true\" class=\"e-font-icon-svg e-fas-check\" viewBox=\"0 0 512 512\" xmlns=\"http:\/\/www.w3.org\/2000\/svg\"><path d=\"M173.898 439.404l-166.4-166.4c-9.997-9.997-9.997-26.206 0-36.204l36.203-36.204c9.997-9.998 26.207-9.998 36.204 0L192 312.69 432.095 72.596c9.997-9.997 26.207-9.997 36.204 0l36.203 36.204c9.997 9.997 9.997 26.206 0 36.204l-294.4 294.401c-9.998 9.997-26.207 9.997-36.204-.001z\"><\/path><\/svg>\t\t\t\t\t\t<\/span>\n\t\t\t\t\t\t\t\t\t\t<span class=\"elementor-icon-list-text\">Gest\u00e3o de materiais e medicamentos<\/span>\n\t\t\t\t\t\t\t\t\t<\/li>\n\t\t\t\t\t\t<\/ul>\n\t\t\t\t\t\t<\/div>\n\t\t\t\t<\/div>\n\t\t\t\t<\/div>\n\t\t<div class=\"elementor-element elementor-element-dc01d77 e-con-full e-flex wpr-particle-no wpr-jarallax-no wpr-parallax-no wpr-sticky-section-no e-con e-child\" data-id=\"dc01d77\" data-element_type=\"container\">\n\t\t\t\t<div class=\"elementor-element elementor-element-d8bac94 elementor-widget elementor-widget-image\" data-id=\"d8bac94\" data-element_type=\"widget\" data-widget_type=\"image.default\">\n\t\t\t\t<div class=\"elementor-widget-container\">\n\t\t\t\t\t\t\t\t\t\t\t\t\t\t\t<img fetchpriority=\"high\" decoding=\"async\" width=\"500\" height=\"500\" src=\"https:\/\/mwsoftware.com.br\/wp-content\/uploads\/2025\/04\/2.webp\" class=\"elementor-animation-grow attachment-large size-large wp-image-1872\" alt=\"\" srcset=\"https:\/\/mwsoftware.com.br\/wp-content\/uploads\/2025\/04\/2.webp 500w, https:\/\/mwsoftware.com.br\/wp-content\/uploads\/2025\/04\/2-300x300.webp 300w, https:\/\/mwsoftware.com.br\/wp-content\/uploads\/2025\/04\/2-150x150.webp 150w\" sizes=\"(max-width: 500px) 100vw, 500px\" \/>\t\t\t\t\t\t\t\t\t\t\t\t\t\t\t<\/div>\n\t\t\t\t<\/div>\n\t\t\t\t<\/div>\n\t\t\t\t\t<\/div>\n\t\t\t\t<\/div>\n\t\t<div class=\"elementor-element elementor-element-effdbdb e-flex e-con-boxed wpr-particle-no wpr-jarallax-no wpr-parallax-no wpr-sticky-section-no elementor-invisible e-con e-parent\" data-id=\"effdbdb\" data-element_type=\"container\" data-settings=\"{&quot;animation&quot;:&quot;fadeInUp&quot;}\">\n\t\t\t\t\t<div class=\"e-con-inner\">\n\t\t\t\t<div class=\"elementor-element elementor-element-d78ff17 elementor-widget elementor-widget-text-editor\" data-id=\"d78ff17\" data-element_type=\"widget\" data-widget_type=\"text-editor.default\">\n\t\t\t\t<div class=\"elementor-widget-container\">\n\t\t\t\t\t\t\t\t\t<p>Reduza glosas, aumente o faturamento e melhore a produtividade da sua equipe com nossas solu\u00e7\u00f5es personalizadas para cooperativas m\u00e9dicas. Estamos preparados para ajudar sua opera\u00e7\u00e3o a alcan\u00e7ar a m\u00e1xima efici\u00eancia e a otimizar os recursos de forma estrat\u00e9gica. Nosso compromisso \u00e9 com o sucesso da sua cl\u00ednica, consult\u00f3rio e cooperativa m\u00e9dica. Juntos, vamos construir um ciclo de resultados sustent\u00e1veis e crescimento cont\u00ednuo para o seu neg\u00f3cio.<\/p>\t\t\t\t\t\t\t\t<\/div>\n\t\t\t\t<\/div>\n\t\t\t\t<div class=\"elementor-element elementor-element-04bd01e elementor-widget elementor-widget-text-editor\" data-id=\"04bd01e\" data-element_type=\"widget\" data-widget_type=\"text-editor.default\">\n\t\t\t\t<div class=\"elementor-widget-container\">\n\t\t\t\t\t\t\t\t\t<p><strong>Pronto para transformar sua gest\u00e3o? Entre em contato e descubra como podemos fazer a diferen\u00e7a!<\/strong><\/p>\t\t\t\t\t\t\t\t<\/div>\n\t\t\t\t<\/div>\n\t\t\t\t<div class=\"elementor-element elementor-element-7bc3d28 elementor-mobile-align-center elementor-widget elementor-widget-button\" data-id=\"7bc3d28\" data-element_type=\"widget\" data-widget_type=\"button.default\">\n\t\t\t\t<div class=\"elementor-widget-container\">\n\t\t\t\t\t\t\t\t\t<div class=\"elementor-button-wrapper\">\n\t\t\t\t\t<a class=\"elementor-button elementor-button-link elementor-size-sm elementor-animation-pulse\" href=\"https:\/\/wa.me\/5531995486619\" target=\"_blank\">\n\t\t\t\t\t\t<span class=\"elementor-button-content-wrapper\">\n\t\t\t\t\t\t\t\t\t<span class=\"elementor-button-text\">Fale Conosco<\/span>\n\t\t\t\t\t<\/span>\n\t\t\t\t\t<\/a>\n\t\t\t\t<\/div>\n\t\t\t\t\t\t\t\t<\/div>\n\t\t\t\t<\/div>\n\t\t\t\t\t<\/div>\n\t\t\t\t<\/div>\n\t\t\t\t<\/div>\n\t\t","protected":false},"excerpt":{"rendered":"<p>Sa\u00fade O que j\u00e1 entregamos aos nossos clientes: A MW Software em sua expertise na \u00e1rea da sa\u00fade j\u00e1 entregou a hospitais e cooperativas m\u00e9dicas solu\u00e7\u00f5es que proporcionou uma grande virada tecnol\u00f3gica. Nesta jornada disponibilizamos solu\u00e7\u00f5es como: Gest\u00e3o eletr\u00f4nica de cobran\u00e7a de Honor\u00e1rios M\u00e9dicos Auditoria Eletr\u00f4nica de Contas Gest\u00e3o eletr\u00f4nica de agenda, elegibilidade e gera\u00e7\u00e3o de guias TISS para consult\u00f3rios Valoriza\u00e7\u00e3o e Faturamento de Guias via XML Repasse e Controle de Glosas Faturamento integrado de contas hospitalares Gest\u00e3o de materiais e medicamentos Reduza glosas, aumente o faturamento e melhore a produtividade da sua equipe com nossas solu\u00e7\u00f5es personalizadas para cooperativas m\u00e9dicas. Estamos preparados para ajudar sua opera\u00e7\u00e3o a alcan\u00e7ar a m\u00e1xima efici\u00eancia e a otimizar os recursos de forma estrat\u00e9gica. Nosso compromisso \u00e9 com o sucesso da sua cl\u00ednica, consult\u00f3rio e cooperativa m\u00e9dica. Juntos, vamos construir um ciclo de resultados sustent\u00e1veis e crescimento cont\u00ednuo para o seu neg\u00f3cio. Pronto para transformar sua gest\u00e3o? Entre em contato e descubra como podemos fazer a diferen\u00e7a! Fale Conosco<\/p>\n","protected":false},"author":1,"featured_media":0,"parent":0,"menu_order":0,"comment_status":"closed","ping_status":"closed","template":"elementor_header_footer","meta":{"_joinchat":[],"footnotes":""},"class_list":["post-1013","page","type-page","status-publish","hentry"],"yoast_head":"<!-- This site is optimized with the Yoast SEO plugin v25.4 - https:\/\/yoast.com\/wordpress\/plugins\/seo\/ -->\n<title>Sa\u00fade - MW Software<\/title>\n<meta name=\"robots\" content=\"index, follow, max-snippet:-1, max-image-preview:large, max-video-preview:-1\" \/>\n<link rel=\"canonical\" href=\"https:\/\/mwsoftware.com.br\/index.php\/saude\/\" \/>\n<meta property=\"og:locale\" content=\"en_US\" \/>\n<meta property=\"og:type\" content=\"article\" \/>\n<meta property=\"og:title\" content=\"Sa\u00fade - MW Software\" \/>\n<meta property=\"og:description\" content=\"Sa\u00fade O que j\u00e1 entregamos aos nossos clientes: A MW Software em sua expertise na \u00e1rea da sa\u00fade j\u00e1 entregou a hospitais e cooperativas m\u00e9dicas solu\u00e7\u00f5es que proporcionou uma grande virada tecnol\u00f3gica. Nesta jornada disponibilizamos solu\u00e7\u00f5es como: Gest\u00e3o eletr\u00f4nica de cobran\u00e7a de Honor\u00e1rios M\u00e9dicos Auditoria Eletr\u00f4nica de Contas Gest\u00e3o eletr\u00f4nica de agenda, elegibilidade e gera\u00e7\u00e3o de guias TISS para consult\u00f3rios Valoriza\u00e7\u00e3o e Faturamento de Guias via XML Repasse e Controle de Glosas Faturamento integrado de contas hospitalares Gest\u00e3o de materiais e medicamentos Reduza glosas, aumente o faturamento e melhore a produtividade da sua equipe com nossas solu\u00e7\u00f5es personalizadas para cooperativas m\u00e9dicas. Estamos preparados para ajudar sua opera\u00e7\u00e3o a alcan\u00e7ar a m\u00e1xima efici\u00eancia e a otimizar os recursos de forma estrat\u00e9gica. Nosso compromisso \u00e9 com o sucesso da sua cl\u00ednica, consult\u00f3rio e cooperativa m\u00e9dica. Juntos, vamos construir um ciclo de resultados sustent\u00e1veis e crescimento cont\u00ednuo para o seu neg\u00f3cio. Pronto para transformar sua gest\u00e3o? Entre em contato e descubra como podemos fazer a diferen\u00e7a! Fale Conosco\" \/>\n<meta property=\"og:url\" content=\"https:\/\/mwsoftware.com.br\/index.php\/saude\/\" \/>\n<meta property=\"og:site_name\" content=\"MW Software\" \/>\n<meta property=\"article:modified_time\" content=\"2025-04-01T20:25:27+00:00\" \/>\n<meta property=\"og:image\" content=\"https:\/\/mwsoftware.com.br\/wp-content\/uploads\/2025\/04\/2.webp\" \/>\n\t<meta property=\"og:image:width\" content=\"500\" \/>\n\t<meta property=\"og:image:height\" content=\"500\" \/>\n\t<meta property=\"og:image:type\" content=\"image\/webp\" \/>\n<meta name=\"twitter:card\" content=\"summary_large_image\" \/>\n<meta name=\"twitter:label1\" content=\"Est. reading time\" \/>\n\t<meta name=\"twitter:data1\" content=\"1 minute\" \/>\n<script type=\"application\/ld+json\" class=\"yoast-schema-graph\">{\"@context\":\"https:\/\/schema.org\",\"@graph\":[{\"@type\":\"WebPage\",\"@id\":\"https:\/\/mwsoftware.com.br\/index.php\/saude\/\",\"url\":\"https:\/\/mwsoftware.com.br\/index.php\/saude\/\",\"name\":\"Sa\u00fade - MW Software\",\"isPartOf\":{\"@id\":\"https:\/\/mwsoftware.com.br\/#website\"},\"primaryImageOfPage\":{\"@id\":\"https:\/\/mwsoftware.com.br\/index.php\/saude\/#primaryimage\"},\"image\":{\"@id\":\"https:\/\/mwsoftware.com.br\/index.php\/saude\/#primaryimage\"},\"thumbnailUrl\":\"https:\/\/mwsoftware.com.br\/wp-content\/uploads\/2025\/04\/2.webp\",\"datePublished\":\"2025-01-17T14:58:41+00:00\",\"dateModified\":\"2025-04-01T20:25:27+00:00\",\"breadcrumb\":{\"@id\":\"https:\/\/mwsoftware.com.br\/index.php\/saude\/#breadcrumb\"},\"inLanguage\":\"en-US\",\"potentialAction\":[{\"@type\":\"ReadAction\",\"target\":[\"https:\/\/mwsoftware.com.br\/index.php\/saude\/\"]}]},{\"@type\":\"ImageObject\",\"inLanguage\":\"en-US\",\"@id\":\"https:\/\/mwsoftware.com.br\/index.php\/saude\/#primaryimage\",\"url\":\"https:\/\/mwsoftware.com.br\/wp-content\/uploads\/2025\/04\/2.webp\",\"contentUrl\":\"https:\/\/mwsoftware.com.br\/wp-content\/uploads\/2025\/04\/2.webp\",\"width\":500,\"height\":500},{\"@type\":\"BreadcrumbList\",\"@id\":\"https:\/\/mwsoftware.com.br\/index.php\/saude\/#breadcrumb\",\"itemListElement\":[{\"@type\":\"ListItem\",\"position\":1,\"name\":\"In\u00edcio\",\"item\":\"https:\/\/mwsoftware.com.br\/\"},{\"@type\":\"ListItem\",\"position\":2,\"name\":\"Sa\u00fade\"}]},{\"@type\":\"WebSite\",\"@id\":\"https:\/\/mwsoftware.com.br\/#website\",\"url\":\"https:\/\/mwsoftware.com.br\/\",\"name\":\"MW Software\",\"description\":\"\",\"publisher\":{\"@id\":\"https:\/\/mwsoftware.com.br\/#organization\"},\"potentialAction\":[{\"@type\":\"SearchAction\",\"target\":{\"@type\":\"EntryPoint\",\"urlTemplate\":\"https:\/\/mwsoftware.com.br\/?s={search_term_string}\"},\"query-input\":{\"@type\":\"PropertyValueSpecification\",\"valueRequired\":true,\"valueName\":\"search_term_string\"}}],\"inLanguage\":\"en-US\"},{\"@type\":\"Organization\",\"@id\":\"https:\/\/mwsoftware.com.br\/#organization\",\"name\":\"MW Software\",\"url\":\"https:\/\/mwsoftware.com.br\/\",\"logo\":{\"@type\":\"ImageObject\",\"inLanguage\":\"en-US\",\"@id\":\"https:\/\/mwsoftware.com.br\/#\/schema\/logo\/image\/\",\"url\":\"https:\/\/mwsoftware.com.br\/wp-content\/uploads\/2024\/03\/MW-Software.webp\",\"contentUrl\":\"https:\/\/mwsoftware.com.br\/wp-content\/uploads\/2024\/03\/MW-Software.webp\",\"width\":626,\"height\":252,\"caption\":\"MW Software\"},\"image\":{\"@id\":\"https:\/\/mwsoftware.com.br\/#\/schema\/logo\/image\/\"},\"sameAs\":[\"https:\/\/www.linkedin.com\/company\/mw-software-com\/posts\/?feedView=all\",\"https:\/\/www.instagram.com\/mw_software\/\"]}]}<\/script>\n<!-- \/ Yoast SEO plugin. -->","yoast_head_json":{"title":"Sa\u00fade - MW Software","robots":{"index":"index","follow":"follow","max-snippet":"max-snippet:-1","max-image-preview":"max-image-preview:large","max-video-preview":"max-video-preview:-1"},"canonical":"https:\/\/mwsoftware.com.br\/index.php\/saude\/","og_locale":"en_US","og_type":"article","og_title":"Sa\u00fade - MW Software","og_description":"Sa\u00fade O que j\u00e1 entregamos aos nossos clientes: A MW Software em sua expertise na \u00e1rea da sa\u00fade j\u00e1 entregou a hospitais e cooperativas m\u00e9dicas solu\u00e7\u00f5es que proporcionou uma grande virada tecnol\u00f3gica. Nesta jornada disponibilizamos solu\u00e7\u00f5es como: Gest\u00e3o eletr\u00f4nica de cobran\u00e7a de Honor\u00e1rios M\u00e9dicos Auditoria Eletr\u00f4nica de Contas Gest\u00e3o eletr\u00f4nica de agenda, elegibilidade e gera\u00e7\u00e3o de guias TISS para consult\u00f3rios Valoriza\u00e7\u00e3o e Faturamento de Guias via XML Repasse e Controle de Glosas Faturamento integrado de contas hospitalares Gest\u00e3o de materiais e medicamentos Reduza glosas, aumente o faturamento e melhore a produtividade da sua equipe com nossas solu\u00e7\u00f5es personalizadas para cooperativas m\u00e9dicas. Estamos preparados para ajudar sua opera\u00e7\u00e3o a alcan\u00e7ar a m\u00e1xima efici\u00eancia e a otimizar os recursos de forma estrat\u00e9gica. Nosso compromisso \u00e9 com o sucesso da sua cl\u00ednica, consult\u00f3rio e cooperativa m\u00e9dica. Juntos, vamos construir um ciclo de resultados sustent\u00e1veis e crescimento cont\u00ednuo para o seu neg\u00f3cio. Pronto para transformar sua gest\u00e3o? Entre em contato e descubra como podemos fazer a diferen\u00e7a! Fale Conosco","og_url":"https:\/\/mwsoftware.com.br\/index.php\/saude\/","og_site_name":"MW Software","article_modified_time":"2025-04-01T20:25:27+00:00","og_image":[{"width":500,"height":500,"url":"https:\/\/mwsoftware.com.br\/wp-content\/uploads\/2025\/04\/2.webp","type":"image\/webp"}],"twitter_card":"summary_large_image","twitter_misc":{"Est. reading time":"1 minute"},"schema":{"@context":"https:\/\/schema.org","@graph":[{"@type":"WebPage","@id":"https:\/\/mwsoftware.com.br\/index.php\/saude\/","url":"https:\/\/mwsoftware.com.br\/index.php\/saude\/","name":"Sa\u00fade - MW Software","isPartOf":{"@id":"https:\/\/mwsoftware.com.br\/#website"},"primaryImageOfPage":{"@id":"https:\/\/mwsoftware.com.br\/index.php\/saude\/#primaryimage"},"image":{"@id":"https:\/\/mwsoftware.com.br\/index.php\/saude\/#primaryimage"},"thumbnailUrl":"https:\/\/mwsoftware.com.br\/wp-content\/uploads\/2025\/04\/2.webp","datePublished":"2025-01-17T14:58:41+00:00","dateModified":"2025-04-01T20:25:27+00:00","breadcrumb":{"@id":"https:\/\/mwsoftware.com.br\/index.php\/saude\/#breadcrumb"},"inLanguage":"en-US","potentialAction":[{"@type":"ReadAction","target":["https:\/\/mwsoftware.com.br\/index.php\/saude\/"]}]},{"@type":"ImageObject","inLanguage":"en-US","@id":"https:\/\/mwsoftware.com.br\/index.php\/saude\/#primaryimage","url":"https:\/\/mwsoftware.com.br\/wp-content\/uploads\/2025\/04\/2.webp","contentUrl":"https:\/\/mwsoftware.com.br\/wp-content\/uploads\/2025\/04\/2.webp","width":500,"height":500},{"@type":"BreadcrumbList","@id":"https:\/\/mwsoftware.com.br\/index.php\/saude\/#breadcrumb","itemListElement":[{"@type":"ListItem","position":1,"name":"In\u00edcio","item":"https:\/\/mwsoftware.com.br\/"},{"@type":"ListItem","position":2,"name":"Sa\u00fade"}]},{"@type":"WebSite","@id":"https:\/\/mwsoftware.com.br\/#website","url":"https:\/\/mwsoftware.com.br\/","name":"MW Software","description":"","publisher":{"@id":"https:\/\/mwsoftware.com.br\/#organization"},"potentialAction":[{"@type":"SearchAction","target":{"@type":"EntryPoint","urlTemplate":"https:\/\/mwsoftware.com.br\/?s={search_term_string}"},"query-input":{"@type":"PropertyValueSpecification","valueRequired":true,"valueName":"search_term_string"}}],"inLanguage":"en-US"},{"@type":"Organization","@id":"https:\/\/mwsoftware.com.br\/#organization","name":"MW Software","url":"https:\/\/mwsoftware.com.br\/","logo":{"@type":"ImageObject","inLanguage":"en-US","@id":"https:\/\/mwsoftware.com.br\/#\/schema\/logo\/image\/","url":"https:\/\/mwsoftware.com.br\/wp-content\/uploads\/2024\/03\/MW-Software.webp","contentUrl":"https:\/\/mwsoftware.com.br\/wp-content\/uploads\/2024\/03\/MW-Software.webp","width":626,"height":252,"caption":"MW Software"},"image":{"@id":"https:\/\/mwsoftware.com.br\/#\/schema\/logo\/image\/"},"sameAs":["https:\/\/www.linkedin.com\/company\/mw-software-com\/posts\/?feedView=all","https:\/\/www.instagram.com\/mw_software\/"]}]}},"_links":{"self":[{"href":"https:\/\/mwsoftware.com.br\/index.php\/wp-json\/wp\/v2\/pages\/1013","targetHints":{"allow":["GET"]}}],"collection":[{"href":"https:\/\/mwsoftware.com.br\/index.php\/wp-json\/wp\/v2\/pages"}],"about":[{"href":"https:\/\/mwsoftware.com.br\/index.php\/wp-json\/wp\/v2\/types\/page"}],"author":[{"embeddable":true,"href":"https:\/\/mwsoftware.com.br\/index.php\/wp-json\/wp\/v2\/users\/1"}],"replies":[{"embeddable":true,"href":"https:\/\/mwsoftware.com.br\/index.php\/wp-json\/wp\/v2\/comments?post=1013"}],"version-history":[{"count":0,"href":"https:\/\/mwsoftware.com.br\/index.php\/wp-json\/wp\/v2\/pages\/1013\/revisions"}],"wp:attachment":[{"href":"https:\/\/mwsoftware.com.br\/index.php\/wp-json\/wp\/v2\/media?parent=1013"}],"curies":[{"name":"wp","href":"https:\/\/api.w.org\/{rel}","templated":true}]}}