{"id":979,"date":"2025-01-17T11:35:39","date_gmt":"2025-01-17T14:35:39","guid":{"rendered":"https:\/\/m91comunicacao.com.br\/mwsoftware\/?page_id=979"},"modified":"2025-04-01T17:25:14","modified_gmt":"2025-04-01T20:25:14","slug":"varejo-2","status":"publish","type":"page","link":"https:\/\/mwsoftware.com.br\/index.php\/varejo-2\/","title":{"rendered":"Varejo"},"content":{"rendered":"\t\t<div data-elementor-type=\"wp-page\" data-elementor-id=\"979\" class=\"elementor elementor-979\">\n\t\t\t\t<div class=\"elementor-element elementor-element-a75b33d e-flex e-con-boxed wpr-particle-no wpr-jarallax-no wpr-parallax-no wpr-sticky-section-no e-con e-parent\" data-id=\"a75b33d\" data-element_type=\"container\" data-settings=\"{&quot;background_background&quot;:&quot;classic&quot;}\">\n\t\t\t\t\t<div class=\"e-con-inner\">\n\t\t\t\t<div class=\"elementor-element elementor-element-578c4c3 elementor-widget elementor-widget-heading\" data-id=\"578c4c3\" data-element_type=\"widget\" data-widget_type=\"heading.default\">\n\t\t\t\t<div class=\"elementor-widget-container\">\n\t\t\t\t\t<h2 class=\"elementor-heading-title elementor-size-default\">Varejo<\/h2>\t\t\t\t<\/div>\n\t\t\t\t<\/div>\n\t\t\t\t\t<\/div>\n\t\t\t\t<\/div>\n\t\t<div class=\"elementor-element elementor-element-64b703f e-flex e-con-boxed wpr-particle-no wpr-jarallax-no wpr-parallax-no wpr-sticky-section-no elementor-invisible e-con e-parent\" data-id=\"64b703f\" data-element_type=\"container\" data-settings=\"{&quot;animation&quot;:&quot;fadeInUp&quot;}\">\n\t\t\t\t\t<div class=\"e-con-inner\">\n\t\t<div class=\"elementor-element elementor-element-3b3e9d4 e-con-full e-flex wpr-particle-no wpr-jarallax-no wpr-parallax-no wpr-sticky-section-no e-con e-child\" data-id=\"3b3e9d4\" data-element_type=\"container\">\n\t\t\t\t<div class=\"elementor-element elementor-element-d0720a3 elementor-widget elementor-widget-icon-box\" data-id=\"d0720a3\" data-element_type=\"widget\" data-widget_type=\"icon-box.default\">\n\t\t\t\t<div class=\"elementor-widget-container\">\n\t\t\t\t\t\t\t<div class=\"elementor-icon-box-wrapper\">\n\n\t\t\t\n\t\t\t\t\t\t<div class=\"elementor-icon-box-content\">\n\n\t\t\t\t\t\t\t\t\t<h3 class=\"elementor-icon-box-title\">\n\t\t\t\t\t\t<span  >\n\t\t\t\t\t\t\tO que oferecemos:\t\t\t\t\t\t<\/span>\n\t\t\t\t\t<\/h3>\n\t\t\t\t\n\t\t\t\t\t\t\t\t\t<p class=\"elementor-icon-box-description\">\n\t\t\t\t\t\tUZTS \u00e9 a nossa solu\u00e7\u00e3o de baixo custo para atender o varejo abrange uma ampla variedade de segmentos, como: cobertura de eventos, padarias, mercearias, conveni\u00eancias, mercados, bares restaurantes, hortifruti, churrasquinhos, foodtruks, a\u00e7ougues e aut\u00f4nomos. Nesta jornada disponibilizamos ferramentas como: <p>\n\t\t\t\t\t<\/p>\n\t\t\t\t\n\t\t\t<\/div>\n\t\t\t\n\t\t<\/div>\n\t\t\t\t\t\t<\/div>\n\t\t\t\t<\/div>\n\t\t\t\t<div class=\"elementor-element elementor-element-e3f7019 elementor-icon-list--layout-traditional elementor-list-item-link-full_width elementor-widget elementor-widget-icon-list\" data-id=\"e3f7019\" data-element_type=\"widget\" data-widget_type=\"icon-list.default\">\n\t\t\t\t<div class=\"elementor-widget-container\">\n\t\t\t\t\t\t\t<ul class=\"elementor-icon-list-items\">\n\t\t\t\t\t\t\t<li class=\"elementor-icon-list-item\">\n\t\t\t\t\t\t\t\t\t\t\t<span class=\"elementor-icon-list-icon\">\n\t\t\t\t\t\t\t<svg aria-hidden=\"true\" class=\"e-font-icon-svg e-fas-check\" viewBox=\"0 0 512 512\" xmlns=\"http:\/\/www.w3.org\/2000\/svg\"><path d=\"M173.898 439.404l-166.4-166.4c-9.997-9.997-9.997-26.206 0-36.204l36.203-36.204c9.997-9.998 26.207-9.998 36.204 0L192 312.69 432.095 72.596c9.997-9.997 26.207-9.997 36.204 0l36.203 36.204c9.997 9.997 9.997 26.206 0 36.204l-294.4 294.401c-9.998 9.997-26.207 9.997-36.204-.001z\"><\/path><\/svg>\t\t\t\t\t\t<\/span>\n\t\t\t\t\t\t\t\t\t\t<span class=\"elementor-icon-list-text\">Gest\u00e3o Compras<\/span>\n\t\t\t\t\t\t\t\t\t<\/li>\n\t\t\t\t\t\t\t\t<li class=\"elementor-icon-list-item\">\n\t\t\t\t\t\t\t\t\t\t\t<span class=\"elementor-icon-list-icon\">\n\t\t\t\t\t\t\t<i aria-hidden=\"true\" class=\"icon icon-check\"><\/i>\t\t\t\t\t\t<\/span>\n\t\t\t\t\t\t\t\t\t\t<span class=\"elementor-icon-list-text\">Gest\u00e3o de Estoque<\/span>\n\t\t\t\t\t\t\t\t\t<\/li>\n\t\t\t\t\t\t\t\t<li class=\"elementor-icon-list-item\">\n\t\t\t\t\t\t\t\t\t\t\t<span class=\"elementor-icon-list-icon\">\n\t\t\t\t\t\t\t<i aria-hidden=\"true\" class=\"icon icon-check\"><\/i>\t\t\t\t\t\t<\/span>\n\t\t\t\t\t\t\t\t\t\t<span class=\"elementor-icon-list-text\">Gest\u00e3o Vendas<\/span>\n\t\t\t\t\t\t\t\t\t<\/li>\n\t\t\t\t\t\t\t\t<li class=\"elementor-icon-list-item\">\n\t\t\t\t\t\t\t\t\t\t\t<span class=\"elementor-icon-list-icon\">\n\t\t\t\t\t\t\t<svg aria-hidden=\"true\" class=\"e-font-icon-svg e-fas-check\" viewBox=\"0 0 512 512\" xmlns=\"http:\/\/www.w3.org\/2000\/svg\"><path d=\"M173.898 439.404l-166.4-166.4c-9.997-9.997-9.997-26.206 0-36.204l36.203-36.204c9.997-9.998 26.207-9.998 36.204 0L192 312.69 432.095 72.596c9.997-9.997 26.207-9.997 36.204 0l36.203 36.204c9.997 9.997 9.997 26.206 0 36.204l-294.4 294.401c-9.998 9.997-26.207 9.997-36.204-.001z\"><\/path><\/svg>\t\t\t\t\t\t<\/span>\n\t\t\t\t\t\t\t\t\t\t<span class=\"elementor-icon-list-text\">Gest\u00e3o Faturamento<\/span>\n\t\t\t\t\t\t\t\t\t<\/li>\n\t\t\t\t\t\t\t\t<li class=\"elementor-icon-list-item\">\n\t\t\t\t\t\t\t\t\t\t\t<span class=\"elementor-icon-list-icon\">\n\t\t\t\t\t\t\t<svg aria-hidden=\"true\" class=\"e-font-icon-svg e-fas-check\" viewBox=\"0 0 512 512\" xmlns=\"http:\/\/www.w3.org\/2000\/svg\"><path d=\"M173.898 439.404l-166.4-166.4c-9.997-9.997-9.997-26.206 0-36.204l36.203-36.204c9.997-9.998 26.207-9.998 36.204 0L192 312.69 432.095 72.596c9.997-9.997 26.207-9.997 36.204 0l36.203 36.204c9.997 9.997 9.997 26.206 0 36.204l-294.4 294.401c-9.998 9.997-26.207 9.997-36.204-.001z\"><\/path><\/svg>\t\t\t\t\t\t<\/span>\n\t\t\t\t\t\t\t\t\t\t<span class=\"elementor-icon-list-text\">Gest\u00e3o Financeiro<\/span>\n\t\t\t\t\t\t\t\t\t<\/li>\n\t\t\t\t\t\t\t\t<li class=\"elementor-icon-list-item\">\n\t\t\t\t\t\t\t\t\t\t\t<span class=\"elementor-icon-list-icon\">\n\t\t\t\t\t\t\t<svg aria-hidden=\"true\" class=\"e-font-icon-svg e-fas-check\" viewBox=\"0 0 512 512\" xmlns=\"http:\/\/www.w3.org\/2000\/svg\"><path d=\"M173.898 439.404l-166.4-166.4c-9.997-9.997-9.997-26.206 0-36.204l36.203-36.204c9.997-9.998 26.207-9.998 36.204 0L192 312.69 432.095 72.596c9.997-9.997 26.207-9.997 36.204 0l36.203 36.204c9.997 9.997 9.997 26.206 0 36.204l-294.4 294.401c-9.998 9.997-26.207 9.997-36.204-.001z\"><\/path><\/svg>\t\t\t\t\t\t<\/span>\n\t\t\t\t\t\t\t\t\t\t<span class=\"elementor-icon-list-text\">Sistema Remoto de Caixa para Eventos<\/span>\n\t\t\t\t\t\t\t\t\t<\/li>\n\t\t\t\t\t\t\t\t<li class=\"elementor-icon-list-item\">\n\t\t\t\t\t\t\t\t\t\t\t<span class=\"elementor-icon-list-icon\">\n\t\t\t\t\t\t\t<svg aria-hidden=\"true\" class=\"e-font-icon-svg e-fas-check\" viewBox=\"0 0 512 512\" xmlns=\"http:\/\/www.w3.org\/2000\/svg\"><path d=\"M173.898 439.404l-166.4-166.4c-9.997-9.997-9.997-26.206 0-36.204l36.203-36.204c9.997-9.998 26.207-9.998 36.204 0L192 312.69 432.095 72.596c9.997-9.997 26.207-9.997 36.204 0l36.203 36.204c9.997 9.997 9.997 26.206 0 36.204l-294.4 294.401c-9.998 9.997-26.207 9.997-36.204-.001z\"><\/path><\/svg>\t\t\t\t\t\t<\/span>\n\t\t\t\t\t\t\t\t\t\t<span class=\"elementor-icon-list-text\">Ponto de Venda (PDV)<\/span>\n\t\t\t\t\t\t\t\t\t<\/li>\n\t\t\t\t\t\t\t\t<li class=\"elementor-icon-list-item\">\n\t\t\t\t\t\t\t\t\t\t\t<span class=\"elementor-icon-list-icon\">\n\t\t\t\t\t\t\t<svg aria-hidden=\"true\" class=\"e-font-icon-svg e-fas-check\" viewBox=\"0 0 512 512\" xmlns=\"http:\/\/www.w3.org\/2000\/svg\"><path d=\"M173.898 439.404l-166.4-166.4c-9.997-9.997-9.997-26.206 0-36.204l36.203-36.204c9.997-9.998 26.207-9.998 36.204 0L192 312.69 432.095 72.596c9.997-9.997 26.207-9.997 36.204 0l36.203 36.204c9.997 9.997 9.997 26.206 0 36.204l-294.4 294.401c-9.998 9.997-26.207 9.997-36.204-.001z\"><\/path><\/svg>\t\t\t\t\t\t<\/span>\n\t\t\t\t\t\t\t\t\t\t<span class=\"elementor-icon-list-text\">Comanda Eletr\u00f4nica<\/span>\n\t\t\t\t\t\t\t\t\t<\/li>\n\t\t\t\t\t\t\t\t<li class=\"elementor-icon-list-item\">\n\t\t\t\t\t\t\t\t\t\t\t<span class=\"elementor-icon-list-icon\">\n\t\t\t\t\t\t\t<svg aria-hidden=\"true\" class=\"e-font-icon-svg e-fas-check\" viewBox=\"0 0 512 512\" xmlns=\"http:\/\/www.w3.org\/2000\/svg\"><path d=\"M173.898 439.404l-166.4-166.4c-9.997-9.997-9.997-26.206 0-36.204l36.203-36.204c9.997-9.998 26.207-9.998 36.204 0L192 312.69 432.095 72.596c9.997-9.997 26.207-9.997 36.204 0l36.203 36.204c9.997 9.997 9.997 26.206 0 36.204l-294.4 294.401c-9.998 9.997-26.207 9.997-36.204-.001z\"><\/path><\/svg>\t\t\t\t\t\t<\/span>\n\t\t\t\t\t\t\t\t\t\t<span class=\"elementor-icon-list-text\">Venda via Whatsapp<\/span>\n\t\t\t\t\t\t\t\t\t<\/li>\n\t\t\t\t\t\t\t\t<li class=\"elementor-icon-list-item\">\n\t\t\t\t\t\t\t\t\t\t\t<span class=\"elementor-icon-list-icon\">\n\t\t\t\t\t\t\t<svg aria-hidden=\"true\" class=\"e-font-icon-svg e-fas-check\" viewBox=\"0 0 512 512\" xmlns=\"http:\/\/www.w3.org\/2000\/svg\"><path d=\"M173.898 439.404l-166.4-166.4c-9.997-9.997-9.997-26.206 0-36.204l36.203-36.204c9.997-9.998 26.207-9.998 36.204 0L192 312.69 432.095 72.596c9.997-9.997 26.207-9.997 36.204 0l36.203 36.204c9.997 9.997 9.997 26.206 0 36.204l-294.4 294.401c-9.998 9.997-26.207 9.997-36.204-.001z\"><\/path><\/svg>\t\t\t\t\t\t<\/span>\n\t\t\t\t\t\t\t\t\t\t<span class=\"elementor-icon-list-text\">Impress\u00e3o de Pedidos Remoto (Cozinha, Bar, Drinks...)<\/span>\n\t\t\t\t\t\t\t\t\t<\/li>\n\t\t\t\t\t\t\t\t<li class=\"elementor-icon-list-item\">\n\t\t\t\t\t\t\t\t\t\t\t<span class=\"elementor-icon-list-icon\">\n\t\t\t\t\t\t\t<svg aria-hidden=\"true\" class=\"e-font-icon-svg e-fas-check\" viewBox=\"0 0 512 512\" xmlns=\"http:\/\/www.w3.org\/2000\/svg\"><path d=\"M173.898 439.404l-166.4-166.4c-9.997-9.997-9.997-26.206 0-36.204l36.203-36.204c9.997-9.998 26.207-9.998 36.204 0L192 312.69 432.095 72.596c9.997-9.997 26.207-9.997 36.204 0l36.203 36.204c9.997 9.997 9.997 26.206 0 36.204l-294.4 294.401c-9.998 9.997-26.207 9.997-36.204-.001z\"><\/path><\/svg>\t\t\t\t\t\t<\/span>\n\t\t\t\t\t\t\t\t\t\t<span class=\"elementor-icon-list-text\">Painel de Acompanhamento de Preparo<\/span>\n\t\t\t\t\t\t\t\t\t<\/li>\n\t\t\t\t\t\t\t\t<li class=\"elementor-icon-list-item\">\n\t\t\t\t\t\t\t\t\t\t\t<span class=\"elementor-icon-list-icon\">\n\t\t\t\t\t\t\t<svg aria-hidden=\"true\" class=\"e-font-icon-svg e-fas-check\" viewBox=\"0 0 512 512\" xmlns=\"http:\/\/www.w3.org\/2000\/svg\"><path d=\"M173.898 439.404l-166.4-166.4c-9.997-9.997-9.997-26.206 0-36.204l36.203-36.204c9.997-9.998 26.207-9.998 36.204 0L192 312.69 432.095 72.596c9.997-9.997 26.207-9.997 36.204 0l36.203 36.204c9.997 9.997 9.997 26.206 0 36.204l-294.4 294.401c-9.998 9.997-26.207 9.997-36.204-.001z\"><\/path><\/svg>\t\t\t\t\t\t<\/span>\n\t\t\t\t\t\t\t\t\t\t<span class=\"elementor-icon-list-text\">Painel de acompanhamento das vendas<\/span>\n\t\t\t\t\t\t\t\t\t<\/li>\n\t\t\t\t\t\t\t\t<li class=\"elementor-icon-list-item\">\n\t\t\t\t\t\t\t\t\t\t\t<span class=\"elementor-icon-list-icon\">\n\t\t\t\t\t\t\t<svg aria-hidden=\"true\" class=\"e-font-icon-svg e-fas-check\" viewBox=\"0 0 512 512\" xmlns=\"http:\/\/www.w3.org\/2000\/svg\"><path d=\"M173.898 439.404l-166.4-166.4c-9.997-9.997-9.997-26.206 0-36.204l36.203-36.204c9.997-9.998 26.207-9.998 36.204 0L192 312.69 432.095 72.596c9.997-9.997 26.207-9.997 36.204 0l36.203 36.204c9.997 9.997 9.997 26.206 0 36.204l-294.4 294.401c-9.998 9.997-26.207 9.997-36.204-.001z\"><\/path><\/svg>\t\t\t\t\t\t<\/span>\n\t\t\t\t\t\t\t\t\t\t<span class=\"elementor-icon-list-text\">Painel de Resultados<\/span>\n\t\t\t\t\t\t\t\t\t<\/li>\n\t\t\t\t\t\t<\/ul>\n\t\t\t\t\t\t<\/div>\n\t\t\t\t<\/div>\n\t\t\t\t<\/div>\n\t\t<div class=\"elementor-element elementor-element-dc01d77 e-con-full e-flex wpr-particle-no wpr-jarallax-no wpr-parallax-no wpr-sticky-section-no e-con e-child\" data-id=\"dc01d77\" data-element_type=\"container\" data-settings=\"{&quot;background_background&quot;:&quot;classic&quot;}\">\n\t\t\t\t<div class=\"elementor-element elementor-element-6762d9f elementor-widget elementor-widget-image\" data-id=\"6762d9f\" data-element_type=\"widget\" data-widget_type=\"image.default\">\n\t\t\t\t<div class=\"elementor-widget-container\">\n\t\t\t\t\t\t\t\t\t\t\t\t\t\t\t<img fetchpriority=\"high\" decoding=\"async\" width=\"500\" height=\"500\" src=\"https:\/\/mwsoftware.com.br\/wp-content\/uploads\/2025\/04\/1.webp\" class=\"elementor-animation-grow attachment-large size-large wp-image-1873\" alt=\"\" srcset=\"https:\/\/mwsoftware.com.br\/wp-content\/uploads\/2025\/04\/1.webp 500w, https:\/\/mwsoftware.com.br\/wp-content\/uploads\/2025\/04\/1-300x300.webp 300w, https:\/\/mwsoftware.com.br\/wp-content\/uploads\/2025\/04\/1-150x150.webp 150w\" sizes=\"(max-width: 500px) 100vw, 500px\" \/>\t\t\t\t\t\t\t\t\t\t\t\t\t\t\t<\/div>\n\t\t\t\t<\/div>\n\t\t\t\t<\/div>\n\t\t\t\t\t<\/div>\n\t\t\t\t<\/div>\n\t\t<div class=\"elementor-element elementor-element-81ddb82 e-flex e-con-boxed wpr-particle-no wpr-jarallax-no wpr-parallax-no wpr-sticky-section-no e-con e-parent\" data-id=\"81ddb82\" data-element_type=\"container\">\n\t\t\t\t\t<div class=\"e-con-inner\">\n\t\t\t\t<div class=\"elementor-element elementor-element-ac2f65b elementor-widget elementor-widget-text-editor\" data-id=\"ac2f65b\" data-element_type=\"widget\" data-widget_type=\"text-editor.default\">\n\t\t\t\t<div class=\"elementor-widget-container\">\n\t\t\t\t\t\t\t\t\t<p>Ganhe mais dinheiro, agilidade no atendimento, elimine erros no fechamento das contas do cliente e, o mais importante, ganhe mais qualidade de vida, tendo maior controle remoto de seu neg\u00f3cio. Nossa plataforma oferece uma gest\u00e3o integrada, pensada para otimizar cada detalhe da sua opera\u00e7\u00e3o e favorecer o seu crescimento.<\/p>\t\t\t\t\t\t\t\t<\/div>\n\t\t\t\t<\/div>\n\t\t\t\t<div class=\"elementor-element elementor-element-303e8da elementor-widget elementor-widget-text-editor\" data-id=\"303e8da\" data-element_type=\"widget\" data-widget_type=\"text-editor.default\">\n\t\t\t\t<div class=\"elementor-widget-container\">\n\t\t\t\t\t\t\t\t\t<p><strong>Pronto para transformar a gest\u00e3o do seu neg\u00f3cio? Entre em contato e descubra como o UZTS pode ser a chave para o sucesso da sua jornada!<\/strong><\/p>\t\t\t\t\t\t\t\t<\/div>\n\t\t\t\t<\/div>\n\t\t\t\t<div class=\"elementor-element elementor-element-32b7b89 elementor-widget elementor-widget-button\" data-id=\"32b7b89\" data-element_type=\"widget\" data-widget_type=\"button.default\">\n\t\t\t\t<div class=\"elementor-widget-container\">\n\t\t\t\t\t\t\t\t\t<div class=\"elementor-button-wrapper\">\n\t\t\t\t\t<a class=\"elementor-button elementor-button-link elementor-size-sm elementor-animation-pulse\" href=\"https:\/\/wa.me\/5531995486619\" target=\"_blank\">\n\t\t\t\t\t\t<span class=\"elementor-button-content-wrapper\">\n\t\t\t\t\t\t\t\t\t<span class=\"elementor-button-text\">Fale Conosco<\/span>\n\t\t\t\t\t<\/span>\n\t\t\t\t\t<\/a>\n\t\t\t\t<\/div>\n\t\t\t\t\t\t\t\t<\/div>\n\t\t\t\t<\/div>\n\t\t\t\t\t<\/div>\n\t\t\t\t<\/div>\n\t\t\t\t<\/div>\n\t\t","protected":false},"excerpt":{"rendered":"<p>Varejo O que oferecemos: UZTS \u00e9 a nossa solu\u00e7\u00e3o de baixo custo para atender o varejo abrange uma ampla variedade de segmentos, como: cobertura de eventos, padarias, mercearias, conveni\u00eancias, mercados, bares restaurantes, hortifruti, churrasquinhos, foodtruks, a\u00e7ougues e aut\u00f4nomos. Nesta jornada disponibilizamos ferramentas como: Gest\u00e3o Compras Gest\u00e3o de Estoque Gest\u00e3o Vendas Gest\u00e3o Faturamento Gest\u00e3o Financeiro Sistema Remoto de Caixa para Eventos Ponto de Venda (PDV) Comanda Eletr\u00f4nica Venda via Whatsapp Impress\u00e3o de Pedidos Remoto (Cozinha, Bar, Drinks&#8230;) Painel de Acompanhamento de Preparo Painel de acompanhamento das vendas Painel de Resultados Ganhe mais dinheiro, agilidade no atendimento, elimine erros no fechamento das contas do cliente e, o mais importante, ganhe mais qualidade de vida, tendo maior controle remoto de seu neg\u00f3cio. Nossa plataforma oferece uma gest\u00e3o integrada, pensada para otimizar cada detalhe da sua opera\u00e7\u00e3o e favorecer o seu crescimento. Pronto para transformar a gest\u00e3o do seu neg\u00f3cio? Entre em contato e descubra como o UZTS pode ser a chave para o sucesso da sua jornada! Fale Conosco<\/p>\n","protected":false},"author":1,"featured_media":0,"parent":0,"menu_order":0,"comment_status":"closed","ping_status":"closed","template":"elementor_header_footer","meta":{"_joinchat":[],"footnotes":""},"class_list":["post-979","page","type-page","status-publish","hentry"],"yoast_head":"<!-- This site is optimized with the Yoast SEO plugin v25.4 - https:\/\/yoast.com\/wordpress\/plugins\/seo\/ -->\n<title>Varejo - MW Software<\/title>\n<meta name=\"robots\" content=\"index, follow, max-snippet:-1, max-image-preview:large, max-video-preview:-1\" \/>\n<link rel=\"canonical\" href=\"https:\/\/mwsoftware.com.br\/index.php\/varejo-2\/\" \/>\n<meta property=\"og:locale\" content=\"en_US\" \/>\n<meta property=\"og:type\" content=\"article\" \/>\n<meta property=\"og:title\" content=\"Varejo - MW Software\" \/>\n<meta property=\"og:description\" content=\"Varejo O que oferecemos: UZTS \u00e9 a nossa solu\u00e7\u00e3o de baixo custo para atender o varejo abrange uma ampla variedade de segmentos, como: cobertura de eventos, padarias, mercearias, conveni\u00eancias, mercados, bares restaurantes, hortifruti, churrasquinhos, foodtruks, a\u00e7ougues e aut\u00f4nomos. Nesta jornada disponibilizamos ferramentas como: Gest\u00e3o Compras Gest\u00e3o de Estoque Gest\u00e3o Vendas Gest\u00e3o Faturamento Gest\u00e3o Financeiro Sistema Remoto de Caixa para Eventos Ponto de Venda (PDV) Comanda Eletr\u00f4nica Venda via Whatsapp Impress\u00e3o de Pedidos Remoto (Cozinha, Bar, Drinks&#8230;) Painel de Acompanhamento de Preparo Painel de acompanhamento das vendas Painel de Resultados Ganhe mais dinheiro, agilidade no atendimento, elimine erros no fechamento das contas do cliente e, o mais importante, ganhe mais qualidade de vida, tendo maior controle remoto de seu neg\u00f3cio. Nossa plataforma oferece uma gest\u00e3o integrada, pensada para otimizar cada detalhe da sua opera\u00e7\u00e3o e favorecer o seu crescimento. Pronto para transformar a gest\u00e3o do seu neg\u00f3cio? Entre em contato e descubra como o UZTS pode ser a chave para o sucesso da sua jornada! Fale Conosco\" \/>\n<meta property=\"og:url\" content=\"https:\/\/mwsoftware.com.br\/index.php\/varejo-2\/\" \/>\n<meta property=\"og:site_name\" content=\"MW Software\" \/>\n<meta property=\"article:modified_time\" content=\"2025-04-01T20:25:14+00:00\" \/>\n<meta property=\"og:image\" content=\"https:\/\/mwsoftware.com.br\/wp-content\/uploads\/2025\/04\/1.webp\" \/>\n\t<meta property=\"og:image:width\" content=\"500\" \/>\n\t<meta property=\"og:image:height\" content=\"500\" \/>\n\t<meta property=\"og:image:type\" content=\"image\/webp\" \/>\n<meta name=\"twitter:card\" content=\"summary_large_image\" \/>\n<meta name=\"twitter:label1\" content=\"Est. reading time\" \/>\n\t<meta name=\"twitter:data1\" content=\"1 minute\" \/>\n<script type=\"application\/ld+json\" class=\"yoast-schema-graph\">{\"@context\":\"https:\/\/schema.org\",\"@graph\":[{\"@type\":\"WebPage\",\"@id\":\"https:\/\/mwsoftware.com.br\/index.php\/varejo-2\/\",\"url\":\"https:\/\/mwsoftware.com.br\/index.php\/varejo-2\/\",\"name\":\"Varejo - MW Software\",\"isPartOf\":{\"@id\":\"https:\/\/mwsoftware.com.br\/#website\"},\"primaryImageOfPage\":{\"@id\":\"https:\/\/mwsoftware.com.br\/index.php\/varejo-2\/#primaryimage\"},\"image\":{\"@id\":\"https:\/\/mwsoftware.com.br\/index.php\/varejo-2\/#primaryimage\"},\"thumbnailUrl\":\"https:\/\/mwsoftware.com.br\/wp-content\/uploads\/2025\/04\/1.webp\",\"datePublished\":\"2025-01-17T14:35:39+00:00\",\"dateModified\":\"2025-04-01T20:25:14+00:00\",\"breadcrumb\":{\"@id\":\"https:\/\/mwsoftware.com.br\/index.php\/varejo-2\/#breadcrumb\"},\"inLanguage\":\"en-US\",\"potentialAction\":[{\"@type\":\"ReadAction\",\"target\":[\"https:\/\/mwsoftware.com.br\/index.php\/varejo-2\/\"]}]},{\"@type\":\"ImageObject\",\"inLanguage\":\"en-US\",\"@id\":\"https:\/\/mwsoftware.com.br\/index.php\/varejo-2\/#primaryimage\",\"url\":\"https:\/\/mwsoftware.com.br\/wp-content\/uploads\/2025\/04\/1.webp\",\"contentUrl\":\"https:\/\/mwsoftware.com.br\/wp-content\/uploads\/2025\/04\/1.webp\",\"width\":500,\"height\":500},{\"@type\":\"BreadcrumbList\",\"@id\":\"https:\/\/mwsoftware.com.br\/index.php\/varejo-2\/#breadcrumb\",\"itemListElement\":[{\"@type\":\"ListItem\",\"position\":1,\"name\":\"In\u00edcio\",\"item\":\"https:\/\/mwsoftware.com.br\/\"},{\"@type\":\"ListItem\",\"position\":2,\"name\":\"Varejo\"}]},{\"@type\":\"WebSite\",\"@id\":\"https:\/\/mwsoftware.com.br\/#website\",\"url\":\"https:\/\/mwsoftware.com.br\/\",\"name\":\"MW Software\",\"description\":\"\",\"publisher\":{\"@id\":\"https:\/\/mwsoftware.com.br\/#organization\"},\"potentialAction\":[{\"@type\":\"SearchAction\",\"target\":{\"@type\":\"EntryPoint\",\"urlTemplate\":\"https:\/\/mwsoftware.com.br\/?s={search_term_string}\"},\"query-input\":{\"@type\":\"PropertyValueSpecification\",\"valueRequired\":true,\"valueName\":\"search_term_string\"}}],\"inLanguage\":\"en-US\"},{\"@type\":\"Organization\",\"@id\":\"https:\/\/mwsoftware.com.br\/#organization\",\"name\":\"MW Software\",\"url\":\"https:\/\/mwsoftware.com.br\/\",\"logo\":{\"@type\":\"ImageObject\",\"inLanguage\":\"en-US\",\"@id\":\"https:\/\/mwsoftware.com.br\/#\/schema\/logo\/image\/\",\"url\":\"https:\/\/mwsoftware.com.br\/wp-content\/uploads\/2024\/03\/MW-Software.webp\",\"contentUrl\":\"https:\/\/mwsoftware.com.br\/wp-content\/uploads\/2024\/03\/MW-Software.webp\",\"width\":626,\"height\":252,\"caption\":\"MW Software\"},\"image\":{\"@id\":\"https:\/\/mwsoftware.com.br\/#\/schema\/logo\/image\/\"},\"sameAs\":[\"https:\/\/www.linkedin.com\/company\/mw-software-com\/posts\/?feedView=all\",\"https:\/\/www.instagram.com\/mw_software\/\"]}]}<\/script>\n<!-- \/ Yoast SEO plugin. -->","yoast_head_json":{"title":"Varejo - MW Software","robots":{"index":"index","follow":"follow","max-snippet":"max-snippet:-1","max-image-preview":"max-image-preview:large","max-video-preview":"max-video-preview:-1"},"canonical":"https:\/\/mwsoftware.com.br\/index.php\/varejo-2\/","og_locale":"en_US","og_type":"article","og_title":"Varejo - MW Software","og_description":"Varejo O que oferecemos: UZTS \u00e9 a nossa solu\u00e7\u00e3o de baixo custo para atender o varejo abrange uma ampla variedade de segmentos, como: cobertura de eventos, padarias, mercearias, conveni\u00eancias, mercados, bares restaurantes, hortifruti, churrasquinhos, foodtruks, a\u00e7ougues e aut\u00f4nomos. Nesta jornada disponibilizamos ferramentas como: Gest\u00e3o Compras Gest\u00e3o de Estoque Gest\u00e3o Vendas Gest\u00e3o Faturamento Gest\u00e3o Financeiro Sistema Remoto de Caixa para Eventos Ponto de Venda (PDV) Comanda Eletr\u00f4nica Venda via Whatsapp Impress\u00e3o de Pedidos Remoto (Cozinha, Bar, Drinks&#8230;) Painel de Acompanhamento de Preparo Painel de acompanhamento das vendas Painel de Resultados Ganhe mais dinheiro, agilidade no atendimento, elimine erros no fechamento das contas do cliente e, o mais importante, ganhe mais qualidade de vida, tendo maior controle remoto de seu neg\u00f3cio. Nossa plataforma oferece uma gest\u00e3o integrada, pensada para otimizar cada detalhe da sua opera\u00e7\u00e3o e favorecer o seu crescimento. Pronto para transformar a gest\u00e3o do seu neg\u00f3cio? Entre em contato e descubra como o UZTS pode ser a chave para o sucesso da sua jornada! Fale Conosco","og_url":"https:\/\/mwsoftware.com.br\/index.php\/varejo-2\/","og_site_name":"MW Software","article_modified_time":"2025-04-01T20:25:14+00:00","og_image":[{"width":500,"height":500,"url":"https:\/\/mwsoftware.com.br\/wp-content\/uploads\/2025\/04\/1.webp","type":"image\/webp"}],"twitter_card":"summary_large_image","twitter_misc":{"Est. reading time":"1 minute"},"schema":{"@context":"https:\/\/schema.org","@graph":[{"@type":"WebPage","@id":"https:\/\/mwsoftware.com.br\/index.php\/varejo-2\/","url":"https:\/\/mwsoftware.com.br\/index.php\/varejo-2\/","name":"Varejo - MW Software","isPartOf":{"@id":"https:\/\/mwsoftware.com.br\/#website"},"primaryImageOfPage":{"@id":"https:\/\/mwsoftware.com.br\/index.php\/varejo-2\/#primaryimage"},"image":{"@id":"https:\/\/mwsoftware.com.br\/index.php\/varejo-2\/#primaryimage"},"thumbnailUrl":"https:\/\/mwsoftware.com.br\/wp-content\/uploads\/2025\/04\/1.webp","datePublished":"2025-01-17T14:35:39+00:00","dateModified":"2025-04-01T20:25:14+00:00","breadcrumb":{"@id":"https:\/\/mwsoftware.com.br\/index.php\/varejo-2\/#breadcrumb"},"inLanguage":"en-US","potentialAction":[{"@type":"ReadAction","target":["https:\/\/mwsoftware.com.br\/index.php\/varejo-2\/"]}]},{"@type":"ImageObject","inLanguage":"en-US","@id":"https:\/\/mwsoftware.com.br\/index.php\/varejo-2\/#primaryimage","url":"https:\/\/mwsoftware.com.br\/wp-content\/uploads\/2025\/04\/1.webp","contentUrl":"https:\/\/mwsoftware.com.br\/wp-content\/uploads\/2025\/04\/1.webp","width":500,"height":500},{"@type":"BreadcrumbList","@id":"https:\/\/mwsoftware.com.br\/index.php\/varejo-2\/#breadcrumb","itemListElement":[{"@type":"ListItem","position":1,"name":"In\u00edcio","item":"https:\/\/mwsoftware.com.br\/"},{"@type":"ListItem","position":2,"name":"Varejo"}]},{"@type":"WebSite","@id":"https:\/\/mwsoftware.com.br\/#website","url":"https:\/\/mwsoftware.com.br\/","name":"MW Software","description":"","publisher":{"@id":"https:\/\/mwsoftware.com.br\/#organization"},"potentialAction":[{"@type":"SearchAction","target":{"@type":"EntryPoint","urlTemplate":"https:\/\/mwsoftware.com.br\/?s={search_term_string}"},"query-input":{"@type":"PropertyValueSpecification","valueRequired":true,"valueName":"search_term_string"}}],"inLanguage":"en-US"},{"@type":"Organization","@id":"https:\/\/mwsoftware.com.br\/#organization","name":"MW Software","url":"https:\/\/mwsoftware.com.br\/","logo":{"@type":"ImageObject","inLanguage":"en-US","@id":"https:\/\/mwsoftware.com.br\/#\/schema\/logo\/image\/","url":"https:\/\/mwsoftware.com.br\/wp-content\/uploads\/2024\/03\/MW-Software.webp","contentUrl":"https:\/\/mwsoftware.com.br\/wp-content\/uploads\/2024\/03\/MW-Software.webp","width":626,"height":252,"caption":"MW Software"},"image":{"@id":"https:\/\/mwsoftware.com.br\/#\/schema\/logo\/image\/"},"sameAs":["https:\/\/www.linkedin.com\/company\/mw-software-com\/posts\/?feedView=all","https:\/\/www.instagram.com\/mw_software\/"]}]}},"_links":{"self":[{"href":"https:\/\/mwsoftware.com.br\/index.php\/wp-json\/wp\/v2\/pages\/979","targetHints":{"allow":["GET"]}}],"collection":[{"href":"https:\/\/mwsoftware.com.br\/index.php\/wp-json\/wp\/v2\/pages"}],"about":[{"href":"https:\/\/mwsoftware.com.br\/index.php\/wp-json\/wp\/v2\/types\/page"}],"author":[{"embeddable":true,"href":"https:\/\/mwsoftware.com.br\/index.php\/wp-json\/wp\/v2\/users\/1"}],"replies":[{"embeddable":true,"href":"https:\/\/mwsoftware.com.br\/index.php\/wp-json\/wp\/v2\/comments?post=979"}],"version-history":[{"count":0,"href":"https:\/\/mwsoftware.com.br\/index.php\/wp-json\/wp\/v2\/pages\/979\/revisions"}],"wp:attachment":[{"href":"https:\/\/mwsoftware.com.br\/index.php\/wp-json\/wp\/v2\/media?parent=979"}],"curies":[{"name":"wp","href":"https:\/\/api.w.org\/{rel}","templated":true}]}}